{"id":1027,"date":"2017-02-11T12:57:40","date_gmt":"2017-02-11T11:57:40","guid":{"rendered":"http:\/\/puntocritico.com\/?page_id=1027"},"modified":"2020-08-18T21:27:05","modified_gmt":"2020-08-18T20:27:05","slug":"contacto","status":"publish","type":"page","link":"https:\/\/puntocritico.com\/ausajpuntocritico\/contacto\/","title":{"rendered":"Formulario de contacto"},"content":{"rendered":"<div class=\"wpforms-container wpforms-container-full\" id=\"wpforms-859965\"><form id=\"wpforms-form-859965\" class=\"wpforms-validate wpforms-form\" data-formid=\"859965\" method=\"post\" enctype=\"multipart\/form-data\" action=\"\/ausajpuntocritico\/wp-json\/wp\/v2\/pages\/1027\" data-token=\"b33fb63b2067cd0399a8464be829a7d6\" data-token-time=\"1777530323\"><noscript class=\"wpforms-error-noscript\">Por favor, activa JavaScript en tu navegador para completar este formulario.<\/noscript><div class=\"wpforms-field-container\"><div id=\"wpforms-859965-field_0-container\" class=\"wpforms-field wpforms-field-name\" data-field-id=\"0\"><label class=\"wpforms-field-label\">Nombre <span class=\"wpforms-required-label\">*<\/span><\/label><div class=\"wpforms-field-row wpforms-field-large\"><div class=\"wpforms-field-row-block wpforms-first wpforms-one-half\"><input type=\"text\" id=\"wpforms-859965-field_0\" class=\"wpforms-field-name-first wpforms-field-required\" name=\"wpforms[fields][0][first]\" required><label for=\"wpforms-859965-field_0\" class=\"wpforms-field-sublabel after\">Nombre<\/label><\/div><div class=\"wpforms-field-row-block wpforms-one-half\"><input type=\"text\" id=\"wpforms-859965-field_0-last\" class=\"wpforms-field-name-last wpforms-field-required\" name=\"wpforms[fields][0][last]\" required><label for=\"wpforms-859965-field_0-last\" class=\"wpforms-field-sublabel after\">Apellidos<\/label><\/div><\/div><\/div><div id=\"wpforms-859965-field_1-container\" class=\"wpforms-field wpforms-field-email\" data-field-id=\"1\"><label class=\"wpforms-field-label\" for=\"wpforms-859965-field_1\">Correo electr\u00f3nico <span class=\"wpforms-required-label\">*<\/span><\/label><input type=\"email\" id=\"wpforms-859965-field_1\" class=\"wpforms-field-large wpforms-field-required\" name=\"wpforms[fields][1]\" spellcheck=\"false\" required><\/div><div id=\"wpforms-859965-field_3-container\" class=\"wpforms-field wpforms-field-text\" data-field-id=\"3\"><label class=\"wpforms-field-label\" for=\"wpforms-859965-field_3\">Asunto <span class=\"wpforms-required-label\">*<\/span><\/label><input type=\"text\" id=\"wpforms-859965-field_3\" class=\"wpforms-field-large wpforms-field-required\" name=\"wpforms[fields][3]\" required><\/div><div id=\"wpforms-859965-field_2-container\" class=\"wpforms-field wpforms-field-textarea\" data-field-id=\"2\"><label class=\"wpforms-field-label\" for=\"wpforms-859965-field_2\">Comentario o mensaje <span class=\"wpforms-required-label\">*<\/span><\/label><textarea id=\"wpforms-859965-field_2\" class=\"wpforms-field-medium wpforms-field-required\" name=\"wpforms[fields][2]\" required><\/textarea><\/div><div id=\"wpforms-859965-field_5-container\" class=\"wpforms-field wpforms-field-gdpr-checkbox\" data-field-id=\"5\"><label class=\"wpforms-field-label wpforms-label-hide\">Acuerdo RGPD  <span class=\"wpforms-required-label\">*<\/span><\/label><ul id=\"wpforms-859965-field_5\" class=\"wpforms-field-required\"><li class=\"choice-1\"><input type=\"checkbox\" id=\"wpforms-859965-field_5_1\" name=\"wpforms[fields][5][]\" value=\"He le\u00eddo y acepto &lt;a href=&quot;https:\/\/puntocritico.com\/ausajpuntocritico\/avisos-legales\/&quot; target=&quot;_blank&quot;&gt;los avisos legales&lt;\/a&gt; del sitio web y su &lt;a href=&quot;https:\/\/puntocritico.com\/ausajpuntocritico\/politica-de-privacidad\/&quot; target=&quot;https:\/\/puntocritico.com\/ausajpuntocritico\/politica-de-privacidad\/&quot;&gt;pol\u00edtica de privacidad&lt;\/a&gt;\" required ><label class=\"wpforms-field-label-inline\" for=\"wpforms-859965-field_5_1\">He le\u00eddo y acepto <a href=\"https:\/\/puntocritico.com\/ausajpuntocritico\/avisos-legales\/\" target=\"_blank\">los avisos legales<\/a> del sitio web y su <a href=\"https:\/\/puntocritico.com\/ausajpuntocritico\/politica-de-privacidad\/\" target=\"https:\/\/puntocritico.com\/ausajpuntocritico\/politica-de-privacidad\/\">pol\u00edtica de privacidad<\/a> <span class=\"wpforms-required-label\">*<\/span><\/label><\/li><\/ul><div class=\"wpforms-field-description\"><small>RESPONSABLE: AUSAJ. DOMICILIO:  C\/ Concepcion 22, piso 3\u00ba, 02002 Albacete (Albacete). FINALIDAD: Gesti\u00f3n integral de las relaciones con los usuarios. DESTINATARIOS DE LAS CESIONES: Las legalmente establecidas. EJERCICIO DE DERECHOS: Acceso, Rectificaci\u00f3n, Supresi\u00f3n, Oposici\u00f3n, Limitaci\u00f3n del tratamiento y Portabilidad, en la direcci\u00f3n postal del Responsable o por Email a contacto@puntocritico.com. Tambi\u00e9n tiene derecho a presentar reclamaci\u00f3n ante la AEPD. CONSERVACI\u00d3N: Mientras dure la relaci\u00f3n, dejando a salvo los plazos de prescripci\u00f3n legal y reclamaci\u00f3n de posibles responsabilidades. M\u00c1S INFORMACI\u00d3N: En contacto@puntocritico.com o en nuestras oficinas.<\/small><\/div><\/div><\/div><!-- .wpforms-field-container --><div class=\"wpforms-submit-container\" ><input type=\"hidden\" name=\"wpforms[id]\" value=\"859965\"><input type=\"hidden\" name=\"page_title\" value=\"\"><input type=\"hidden\" name=\"page_url\" value=\"https:\/\/puntocritico.com\/ausajpuntocritico\/wp-json\/wp\/v2\/pages\/1027\"><input type=\"hidden\" name=\"url_referer\" value=\"\"><button type=\"submit\" name=\"wpforms[submit]\" id=\"wpforms-submit-859965\" class=\"wpforms-submit\" data-alt-text=\"Enviando...\" data-submit-text=\"Enviar\" aria-live=\"assertive\" value=\"wpforms-submit\">Enviar<\/button><\/div><\/form><\/div>  <!-- .wpforms-container -->\n","protected":false},"excerpt":{"rendered":"<div class=\"mh-excerpt\"><\/div>","protected":false},"author":3,"featured_media":0,"parent":0,"menu_order":0,"comment_status":"closed","ping_status":"closed","template":"","meta":{"_acf_changed":false,"_exactmetrics_skip_tracking":false,"_exactmetrics_sitenote_active":false,"_exactmetrics_sitenote_note":"","_exactmetrics_sitenote_category":0,"footnotes":""},"class_list":["post-1027","page","type-page","status-publish"],"acf":[],"_links":{"self":[{"href":"https:\/\/puntocritico.com\/ausajpuntocritico\/wp-json\/wp\/v2\/pages\/1027","targetHints":{"allow":["GET"]}}],"collection":[{"href":"https:\/\/puntocritico.com\/ausajpuntocritico\/wp-json\/wp\/v2\/pages"}],"about":[{"href":"https:\/\/puntocritico.com\/ausajpuntocritico\/wp-json\/wp\/v2\/types\/page"}],"author":[{"embeddable":true,"href":"https:\/\/puntocritico.com\/ausajpuntocritico\/wp-json\/wp\/v2\/users\/3"}],"replies":[{"embeddable":true,"href":"https:\/\/puntocritico.com\/ausajpuntocritico\/wp-json\/wp\/v2\/comments?post=1027"}],"version-history":[{"count":0,"href":"https:\/\/puntocritico.com\/ausajpuntocritico\/wp-json\/wp\/v2\/pages\/1027\/revisions"}],"wp:attachment":[{"href":"https:\/\/puntocritico.com\/ausajpuntocritico\/wp-json\/wp\/v2\/media?parent=1027"}],"curies":[{"name":"wp","href":"https:\/\/api.w.org\/{rel}","templated":true}]}}